{"id":197,"date":"2011-05-26T07:16:56","date_gmt":"2011-05-26T05:16:56","guid":{"rendered":"http:\/\/amandine.quiriconi.fr\/?page_id=197"},"modified":"2011-05-26T07:16:56","modified_gmt":"2011-05-26T05:16:56","slug":"2%c2%b0-la-bolivie","status":"publish","type":"page","link":"http:\/\/amandine.quiriconi.fr\/?page_id=197","title":{"rendered":"2\u00b0 La Bolivie"},"content":{"rendered":"<p><em><strong><a href=\"http:\/\/amandine.quiriconi.fr\/wp-content\/uploads\/2011\/05\/9.jpg\"><img loading=\"lazy\" decoding=\"async\" class=\"aligncenter\" title=\"9\" src=\"http:\/\/amandine.quiriconi.fr\/wp-content\/uploads\/2011\/05\/9-300x199.jpg\" alt=\"\" width=\"300\" height=\"199\" \/><\/a><\/strong><\/em><\/p>\n<p>&nbsp;<\/p>\n<p>De San Pedro de Atacama, nous sommes all\u00e9s \u00e0 Uyuni. Pour cela il nous  aura fallu passer par une de ces agences o\u00f9 il est d\u2019ailleurs, tr\u00e8s  difficile de faire le tri\u2026<\/p>\n<p>Rappelez vous \u00ab\u00a0le trou du cul du monde est tr\u00e8s touristique\u00a0\u00bb\u00a0!<\/p>\n<p>Nous jetons finalement notre d\u00e9volu apr\u00e8s longue r\u00e9flexion, sur \u00ab\u00a0Estrella del Sur\u00a0\u00bb.<\/p>\n<p>&nbsp;<\/p>\n<p>Ce qu\u2019il est pr\u00e9vu avec cette agence c\u2019est de faire un tour en 4&#215;4  pendant trois jours dans le d\u00e9sert du Sud de la Bolivie pour  rejoindre\u2026le fameux salar d\u2019Uyuni\u00a0!<\/p>\n<p>Le deal \u00e9tait int\u00e9ressant car tout \u00e9tait compris. Du transport aux nuits dans ces gites o\u00f9 on s\u2019est pel\u00e9 le cul\u00a0!<\/p>\n<p>&nbsp;<\/p>\n<p>Dimanche nous voil\u00e0 r\u00e9unis \u00e0 la fronti\u00e8re Bolivienne, dans un froid  \u00ab\u00a0and\u00e9en\u00a0\u00bb sans une lueur de soleil et bien s\u00fbr pas vraiment \u00e9quip\u00e9s  contre le froid.<\/p>\n<p>20 minutes plus tard, un nouveau tampon sur notre passeport puis on  se retrouve \u00e0 6 dans un 4&#215;4 pr\u00eats pour l\u2019exp\u00e9dition. Plus, au volant  notre chauffeur \u00ab\u00a0guide\/m\u00e9cano\u00a0\u00bb bolivien, Edwin.<\/p>\n<p>&nbsp;<\/p>\n<p>On vous pr\u00e9sente l\u2019\u00e9quipe\u00a0;<\/p>\n<p>Deux potes venus tout droit d\u2019Europe, plus pr\u00e9cis\u00e9ment des Pays Bas. Niels et Coen.<\/p>\n<p>D\u2019un peu plus loin, o\u00f9 en ce moment il fait bon vivre\u2026Un japonais du nom de Goshi.<\/p>\n<p>Un Am\u00e9ricain l\u00e9g\u00e8rement eff\u00e9min\u00e9, mais tr\u00e8s gentil Bud et les deux plus beaux sudistes de la  France\u00a0\u2026 Mandoux et Bastidoux.<\/p>\n<p>Un groupe qui nous semble \u00eatre au poil\u00a0!<\/p>\n<p>&nbsp;<\/p>\n<p>C\u2019est \u00e0 partir de l\u00e0 que le tour commence, sur la route des lagons et des geysers\u2026<\/p>\n<p>C\u2019est tout de m\u00eame incroyable de se trouver au milieu de nulle part  pendant des kilom\u00e8tres et des kilom\u00e8tres et rencontrer un lagon d\u2019une  couleur \u00e9meraude, cristallis\u00e9 par le sel et habit\u00e9 par quelques flamands  roses\u00a0!<\/p>\n<p>Sachant que le trip se d\u00e9roule entre 3500 et 4500 m\u00e8tres et que le  mal de l\u2019altitude nous guette\u2026 Mais les feuilles de Coca sont l\u00e0\u00a0!<\/p>\n<p>&nbsp;<\/p>\n<p>Les Andes sont continuellement pr\u00e9sentes autour de nous. Nous font  nous sentir tout petit. Mais tellement belles et quelques fois  recouvertes d\u2019un manteau blanc.<\/p>\n<p>Comme le volcan Licancabur culminant \u00e0 5950 m (tout de m\u00eame elles sont hautes ces bougresses de montagnes).<\/p>\n<p>Que de paysages grandioses comme celui l\u00e0 nous attendaient.<\/p>\n<p>&nbsp;<\/p>\n<p>Pour se r\u00e9chauffer direction la piscine d\u2019eau chaude, d\u00fb aux quelques  volcans encore en activit\u00e9. Mandoux trop frileuse ne se d\u00e9shabillera  pas. Malgr\u00e9 une temp\u00e9rature de l\u2019eau avoisinant les 36\u00b0. Bastien n\u2019a pas  eu \u00e0 se faire prier\u00a0!<\/p>\n<p>&nbsp;<\/p>\n<p>Il faut savoir que ce 11 Avril 2011, on aura m\u00eame eu quelques flocons de neige \u00e0 proximit\u00e9 du geyser de sol de manana.<\/p>\n<p>Pas \u00e9tonnant dirons nous, vu les hauteurs.<\/p>\n<p>&nbsp;<\/p>\n<p>Une fois tout \u00e7a, un peu fatigu\u00e9 par la balade et l\u2019altitude on se  dirigera vers notre g\u00eete pour passer la nuit. Ce dernier \u00e9tait vraiment  perdu au milieu de rien\u00a0!<\/p>\n<p>On y prendra nos repas \u00ab\u00a0chauds\u00a0\u00bb qui nous aurons fait un bien fou et  on s\u2019assoira sur la douche \u00ab\u00a0chaude\u00a0\u00bb qui ici n\u2019existe pas\u00a0! Tout  simplement.<\/p>\n<p>&nbsp;<\/p>\n<p>Admirez notre chambre, haute en couleurs, qu\u2019on aura bien \u00e9videment partag\u00e9 \u00e0 six.<\/p>\n<p>&nbsp;<\/p>\n<p>Le lendemain apr\u00e8s un petit d\u00e9jeuner bien copieux, nous revoil\u00e0 sur  la piste des Volcans et autres paysages grandioses\u2026Toujours plus ou  moins diff\u00e9rent les uns des autres.<\/p>\n<p>Il y avait m\u00eame un peu de caillou pour que Bastien face sa grimpette  habituelle. M\u00eame l\u2019altitude ne l\u2019arr\u00eate pas, mais les gestes sont tout  de m\u00eame plus lents\u00a0!<\/p>\n<p>Avant que notre tour s\u2019ach\u00e8ve \u00e0 Uyuni. Nous passerons par plusieurs villages \u00e9loign\u00e9s de toutes civilisations\u00a0!<\/p>\n<p>Puis avant de rejoindre notre h\u00f4tel, \u00e0 Uyuni, visite d\u2019un cimeti\u00e8re de trains.<\/p>\n<p>Ces anciens trains dispos\u00e9s l\u00e0 depuis des ann\u00e9es, servent uniquement  d\u2019attractions aux touristes\u00a0!!! Wouuuh c\u2019\u00e9tait mythique\u00a0! lol<\/p>\n<p>&nbsp;<\/p>\n<p>Arriv\u00e9e \u00e0 Uyuni, petit tour dans cette ville plut\u00f4t morte et sans  int\u00e9r\u00eats en attendant le lendemain matin pour aller voir le lever du  soleil au Salar.<\/p>\n<p>Le plus grand d\u00e9sert de sel au monde. O\u00f9 l\u2019on perd toutes notions d\u2019espace.<\/p>\n<p>On se sera lev\u00e9 \u00e0 5h pour l\u2019occasion o\u00f9 on se sera pel\u00e9 le cul comme  jamais mais pour la bonne cause. \u00c7a aura \u00e9t\u00e9 immense et inoubliable.<\/p>\n<p>&nbsp;<\/p>\n<p>Et c\u2019est d\u2019ailleurs ici, que nous aurons pris notre dernier petit  d\u00e9jeuner tous ensemble, assis dans cette h\u00f4tel glacial et quelque peu \u2026  sal\u00e9\u00a0!<\/p>\n<p>(Puisque tout est r\u00e9alis\u00e9 en sel. De la d\u00e9co \u00e0 la table \u00e0 manger)<\/p>\n<p>&nbsp;<\/p>\n<p>Et apr\u00e8s \u00e7a, place aux jeux de photos avec les copains\u2026<\/p>\n<p>Ce site est connu pour faire des photos d\u00e9lirantes, o\u00f9 le but est de jouer avec l\u2019espace et les proportions.<\/p>\n<p>Nous n\u2019avons rien trouv\u00e9 de tr\u00e8s tr\u00e8s originales mais \u00e7a nous aura  permis de rigoler\u00a0! Puis on avait tellement froid aussi que nos gestes  \u00e9taient un peu crisp\u00e9s.<\/p>\n<p>&nbsp;<\/p>\n<p>On quittera le Salar, en roulant \u00e0 travers les mines de sel. Ce sel  qui est export\u00e9 partout dans le monde et qui est peut \u00eatre dans vos  assiettes.<\/p>\n<p>Un nouveau souvenir, une nouvelle exp\u00e9rience sur un site \u00e9trange que le monde nous offre.<\/p>\n<p>Et une fois de plus, on peut dire qu\u2019on a eu la chance de fouler ces  terres sur lesquelles d\u2019autres sont pass\u00e9s avant nous, mais aussi o\u00f9  d\u2019autres r\u00eavent d\u2019y \u00eatre\u00a0!<\/p>\n<p>&nbsp;<\/p>\n<p>La suite de la  Bolivie est d\u00e9j\u00e0 pr\u00eate, mais comme on aime bien \u00eatre en retard, vous la lirez un peu plus tard\u00a0!<\/p>\n<p><em>On vous embrasse et autant vous dire que nous vous envions pour la chaleur fran\u00e7aise, parce que depuis le Chili on se les g\u00e8le\u00a0!<\/em><\/p>\n<p>&nbsp;<\/p>\n<p><em>Hasta Luego los amigos<\/em><\/p>\n<p>&nbsp;<\/p>\n<p><em><strong> Bloqu\u00e9s \u00e0 Sucr\u00e9 <\/strong><\/em><\/p>\n<p>Apr\u00e8s ce d\u00e9sert d\u2019Uyuni, nos pas mais surtout le bus nous a men\u00e9 droit vers <strong><em>Sucr\u00e9.<\/em><\/strong><br \/>\nVille charg\u00e9e en histoire, puisque c\u2019\u00e9tait l\u2019ancienne capitale du pays.<\/p>\n<p>Ses rues sont chaleureuses, pleines de vie et de couleurs. On y  trouve aussi une multitude d\u2019\u00e9glises\u2026Mais \u00e7a, c\u2019est donn\u00e9 \u00e0 l\u2019Am\u00e9rique  latine avant tout\u00a0!<\/p>\n<p>&nbsp;<\/p>\n<p>Ici y\u2019a quelques trucs \u00e0 ne pas dire\u2026<\/p>\n<p>1\u00a0: Que tu ne crois pas en Dieu et sa religion\u00a0!<\/p>\n<p>2\u00a0: Que tu es un gringo\u00a0!<\/p>\n<p>&nbsp;<\/p>\n<p>Bref ceci dit, nous voici dans ces rues qui nous plaisent plut\u00f4t  bien, \u00e0 la recherche d\u2019un endroit o\u00f9 passer la nuit. Un h\u00f4tel s\u2019il vous  plait avec eau chaude (chose rare alors qu\u2019on se les g\u00e8le ici)\u00a0!<\/p>\n<p>Nous y sommes la douche chaude est l\u00e0 et le lit n\u2019est pas trop mal (enfin l\u00e9g\u00e8rement) Mais on adore \u00e7a\u00a0!<\/p>\n<p>&nbsp;<\/p>\n<p>La suite des \u00e9v\u00e8nements est assez sympa.<\/p>\n<p>&nbsp;<\/p>\n<p>On passe deux jours ici en pensant se diriger vers la gare routi\u00e8re  pour prendre nos tickets de bus pour La paz\u2026Mais il y a un Hic\u00a0!<\/p>\n<p>\u00c7a faisait d\u00e9j\u00e0 un moment, qu\u2019on voyait dans les rues, quelques agitations, des drapeaux et des banderoles flottant dans l\u2019air\u00a0!<\/p>\n<p>Une masse de personnes regroup\u00e9e \u00e0 certains endroits bloquant des routes\u2026<\/p>\n<p>Mais on ne pensait pas qu\u2019il y avait des cons\u00e9quences \u00e0 tout ce rafu\u2026<\/p>\n<p>En r\u00e9alit\u00e9 SI, les gens manifestaient bel et bien, pour la hausse des salaires.<\/p>\n<p>Pas seulement \u00e0 Sucr\u00e9. La Paz \u00e9tait aussi concern\u00e9 mais le pire dans tout \u00e7a, c\u2019est que les routes \u00e9taient bloqu\u00e9es.<\/p>\n<p>&nbsp;<\/p>\n<p>On se voyait d\u00e9j\u00e0 rest\u00e9 un looooooooong moment ici\u2026Alors il aura fallu trouver des occupations<\/p>\n<p>Les premiers jours \u00ab\u00a0tranquilles\u00a0\u00bb, la traditionnelle balade, bien  manger, se retenir d\u2019acheter les jolies choses des march\u00e9s ambulants,  travailler le blog, travailler le Blog \u2026 \u00e7a prend du temps tout \u00e7a\u00a0! On  s\u2019applique \u00e0 prendre de belles photos.<\/p>\n<p>&nbsp;<\/p>\n<p>C\u2019est bon d\u2019\u00eatre en vacances, on se le rappelle souvent. On a boss\u00e9 DUR quand de m\u00eame mais Merci encore \u00e0 la Famille\u00a0!<\/p>\n<p>&nbsp;<\/p>\n<p>Puis le 16 Avril il fallait marquer le coup, pour l\u2019annif de Mandoux.  Alors direction les montagnes de Sucr\u00e9 pour une balade \u00e0 cheval.<\/p>\n<p>Plus de trois heures \u00e0 admirer et profiter des paysages et bien sur faire de bons galops (pas assez \u00e0 notre gout)\u00a0!<\/p>\n<p>Mais suffisant parce que mine de rien, \u00e7a fait le C..\u00a0! Et le soir  direction un petit bar sur les toits, pour f\u00eater \u00e7a et se dire aurevoir  avec Bud (des Etats-Unis).<\/p>\n<p>&nbsp;<\/p>\n<p>Et apr\u00e8s 5 jours de blocus, on finira par partir de cette ville qui est, quelque part \u00ab\u00a0la n\u00f4tre\u00a0\u00bb comme s\u2019amusait \u00e0 dire Bud\u00a0!<\/p>\n<p>Non, il \u00e9tait temps de partir, s\u00e9rieusement. Ce n\u2019est pas tout mais on a un voyage \u00e0 terminer.<\/p>\n<p>&nbsp;<\/p>\n<p>Ce sera \u00e0 La  Paz, que le bus nous arr\u00eatera.<\/p>\n<p>Oooooh les grandes villes, notre plaisir, notre bien \u00eatre\u2026 Cette  masse de population qui grouille dans tous les sens et la pollution qui  vous donne le mal de t\u00eate\u00a0!<\/p>\n<p>Mais il y a toujours de charmants petits coins \u00e0 d\u00e9couvrir.  Chaussons-nous et allons visiter la ville. Int\u00e9ressante visite au mus\u00e9e  de la Coca.<\/p>\n<p>Promenade sur les hauteurs de la ville et comme toujours, plaisirs Culinaires.<\/p>\n<p>&nbsp;<\/p>\n<p>Les journ\u00e9es passent vite, alors nous r\u00e9serverons nos billets sans trop tarder pour la derni\u00e8re ville de Bolivie. <strong><em>Copacobana.<\/em><\/strong><\/p>\n<p>Ville perch\u00e9e dans les montagnes et bord\u00e9e par le Lac Titicaca. Une  fois de plus destination touristique mais il fallait bien s\u2019arr\u00eater voir  ce si beau lac. Grandiose\u00a0!<\/p>\n<p>&nbsp;<\/p>\n<p>Sauf que (parce qu\u2019il y a toujours un Mais ou un sauf\u00a0!) en voulant  faire quelques achats\u2026Nous nous sommes diriger vers un distributeur, en  fait, l\u2019unique de la ville. Qui nous refusait toutes transactions\u2026  hein\u00a0? C\u2019est quoi le truc\u00a0?<\/p>\n<p>Il faut que l\u2019on parte d\u2019ici et nous avons seulement une poign\u00e9e de  pesos et aucun billet de bus\u2026 Probl\u00e8me\u00a0! (Heureusement que la chambre  \u00e9tait pay\u00e9e).<\/p>\n<p>Alors direction la banque d\u2019\u00e0 c\u00f4t\u00e9 pour essayer d\u2019avoir de quelques mani\u00e8res que ce soit, de l\u2019argent.<\/p>\n<p>Mais, non la carte du Cr\u00e9dit Agricole de France ne marche pas ici\u00a0!!!<\/p>\n<p>Merci.<\/p>\n<p>D\u00e9brouillez vous.<\/p>\n<p>Hummm, ce soir on mangera une mini pizza \u00e0 deux, pas de folies et au  lit\u00a0!\u00a0 Il nous restait encore le probl\u00e8me des tickets de bus. Comme on  est mignons et qu\u2019on a un peu de chance. La femme de l\u2019agence nous  arrange en nous proposant de payer \u00e0 l\u2019arriv\u00e9e.<\/p>\n<p>Parfait.<\/p>\n<p>Il nous reste plus que 20 soles, (soit 2\u20ac), pour un dernier petit d\u00e9jeuner et un repas du midi avant d\u2019arriver au P\u00e9rou\u00a0!<\/p>\n<p>Avant \u00e7a, on a d\u00e9cid\u00e9 de se passer de 4 soles sur la somme totale,  pour payer un droit d\u2019entr\u00e9e. Une entr\u00e9e au Mont d\u2019Orca del Inka.<\/p>\n<p>Petit mont dominant Copacabana et offrant une tr\u00e8s belle vue sur le  lac Titicaca. On s\u2019est fait accompagner par une guide, un peu sp\u00e9ciale.  Tr\u00e8s gentille mais peu bavarde\u00a0!<\/p>\n<p>Qu\u2019on aura pay\u00e9 en gaufrettes \u00ab\u00a0vu qu\u2019on avait plus de sous\u00a0\u00bb\u00a0!<\/p>\n<p>Aller apr\u00e8s \u00e7a, place aux 12h de bus avec changement \u00e0 la Fronti\u00e8re,  avec une derni\u00e8re petite gal\u00e8re Bolivienne car on ne savait pas o\u00f9  \u00e9taient pass\u00e9 nos bagages et on s\u2019est mis un poil la pression\u00a0! Oufff  elles nous attendaient dans le bus P\u00e9ruvien\u00a0!<\/p>\n<p>Mais bien malheureusement pour nous, on se sera fait fouiller les  bagages en notre absence et quelques affaires auront disparus dont la  tondeuse toute neuve de Bastien&#8230; et merci Roland, ta frontale \u00e9tait  tr\u00e8s utile jusque l\u00e0\u00a0!<\/p>\n<p>&nbsp;<\/p>\n<p>C\u2019est\u00a0 sur ces derni\u00e8res mises au point que nous arriverons au P\u00e9rou,  dans la nuit, dans un bus peu confortable et glac\u00e9 et plus pr\u00e9cis\u00e9ment \u00e0  Cusco chez Fabricio\u00a0!<\/p>\n<p>Au programme\u00a0; visiter la ville mais surtout faire un tour au Maccu  Pichu et les ruines des Incas de la vall\u00e9e sacr\u00e9e\u2026 Mais \u00e7a c\u2019est dans  une autre cat\u00e9gorie\u00a0! Et faudra patienter\u00a0\u2026<\/p>\n<p style=\"text-align: right;\"><strong><em>A bient\u00f4t alors ! Mille Bisettes <\/em><\/strong><\/p>\n","protected":false},"excerpt":{"rendered":"<p>&nbsp; De San Pedro de Atacama, nous sommes all\u00e9s \u00e0 Uyuni. Pour cela il nous aura fallu passer par une de ces agences o\u00f9 il est d\u2019ailleurs, tr\u00e8s difficile de faire le tri\u2026 Rappelez vous \u00ab\u00a0le trou du cul du monde est tr\u00e8s touristique\u00a0\u00bb\u00a0! Nous jetons finalement notre d\u00e9volu apr\u00e8s longue r\u00e9flexion, sur \u00ab\u00a0Estrella del &hellip; <a class=\"read-excerpt\" href=\"http:\/\/amandine.quiriconi.fr\/?page_id=197\">Continuer la lecture <span class=\"meta-nav\">&raquo;<\/span><\/a><\/p>\n","protected":false},"author":1,"featured_media":0,"parent":25,"menu_order":0,"comment_status":"open","ping_status":"open","template":"","meta":{"footnotes":""},"class_list":["post-197","page","type-page","status-publish","hentry"],"_links":{"self":[{"href":"http:\/\/amandine.quiriconi.fr\/index.php?rest_route=\/wp\/v2\/pages\/197"}],"collection":[{"href":"http:\/\/amandine.quiriconi.fr\/index.php?rest_route=\/wp\/v2\/pages"}],"about":[{"href":"http:\/\/amandine.quiriconi.fr\/index.php?rest_route=\/wp\/v2\/types\/page"}],"author":[{"embeddable":true,"href":"http:\/\/amandine.quiriconi.fr\/index.php?rest_route=\/wp\/v2\/users\/1"}],"replies":[{"embeddable":true,"href":"http:\/\/amandine.quiriconi.fr\/index.php?rest_route=%2Fwp%2Fv2%2Fcomments&post=197"}],"version-history":[{"count":1,"href":"http:\/\/amandine.quiriconi.fr\/index.php?rest_route=\/wp\/v2\/pages\/197\/revisions"}],"predecessor-version":[{"id":198,"href":"http:\/\/amandine.quiriconi.fr\/index.php?rest_route=\/wp\/v2\/pages\/197\/revisions\/198"}],"up":[{"embeddable":true,"href":"http:\/\/amandine.quiriconi.fr\/index.php?rest_route=\/wp\/v2\/pages\/25"}],"wp:attachment":[{"href":"http:\/\/amandine.quiriconi.fr\/index.php?rest_route=%2Fwp%2Fv2%2Fmedia&parent=197"}],"curies":[{"name":"wp","href":"https:\/\/api.w.org\/{rel}","templated":true}]}}