{"id":186,"date":"2011-05-26T07:08:06","date_gmt":"2011-05-26T05:08:06","guid":{"rendered":"http:\/\/amandine.quiriconi.fr\/?page_id=186"},"modified":"2011-05-26T07:18:50","modified_gmt":"2011-05-26T05:18:50","slug":"campervan-aussie","status":"publish","type":"page","link":"http:\/\/amandine.quiriconi.fr\/?page_id=186","title":{"rendered":"3\u00b0 Campervan Aussie"},"content":{"rendered":"<p><span style=\"text-decoration: underline; color: #008000;\"><strong><em>Brisbane \u2013 Sydney Voyage en Campervan<\/em><\/strong><\/span><\/p>\n<p>Oulaaaa Oui on sait on n\u2019est pas trop \u00e0 la page\u2026mais un voyage en van  c\u2019est sans \u00e9lectricit\u00e9 (et sans chiotte)\u2026Alors on fait comme on peut\u00a0!<\/p>\n<p>Voici notre derni\u00e8re semaine en Australie avant le d\u00e9part sur La Nouvelle Cal\u00e9donie\u2026<\/p>\n<p>Une fois arriv\u00e9s \u00e0 Brisbane, \u00a0voil\u00e0 la trotte qu\u2019on s\u2019est faite avant  de trouver un BackPack pour passer la nuit, et Quel BackPack!!!<\/p>\n<p>On a pris un dortoir pour 8 personnes et on est tomb\u00e9s dans une  chambre de zoulous impolis et tr\u00e8s chiants\u00a0! Ils nous r\u00e9veillaient \u00e0  toutes les heures en rentrant des bars, bourr\u00e9s ces cons de vacanciers\u2026<\/p>\n<p>Alors Oblig\u00e9, on s\u2019est pris la t\u00eate \u00e0 3h du mat juste pour qu\u2019il \u00e9teigne cette foutue lumi\u00e8re.<\/p>\n<p>C\u2019est le risque du Backpack mais la vengeance est un plat qui se mange froid\u00a0!<\/p>\n<p>Alors au petit matin alors que tout le monde dormait, nous nous  sommes arm\u00e9s du jus d\u2019orange de la veille et du savon liquide, pour les  renverser sur leurs tas de fringues qui v\u00e9g\u00e9tait au sol ainsi qu\u2019en  glisser une lichette dans leurs chaussures\u2026<\/p>\n<p>Merci Mandoux quelle bonne id\u00e9e\u00a0!<\/p>\n<p>Bref, passons les cons et allons chercher notre Van \u00e0 une plombe de  la o\u00f9 nous \u00e9tions. Aller \u00e0 l\u2019autre bout d\u2019une ville avec ces sacs \u00e0 dos,  comprenez nous ce n\u2019est pas une partie de plaisir\u00a0!<\/p>\n<p>(Encore une fois pauvres de nous\u00a0!)<\/p>\n<p>Puis au bout du chemin nous trouvons notre bolide\u2026 Peinture Flambant  Neuve. CT OK. Essence\u2026Ann\u00e9e \u00ab\u00a0on ne sait pas trop\u00a0\u00bb Un seul feu de p\u00e9t\u00e9  et tout \u00e9quip\u00e9 (Equip\u00e9 euhhh\u00a0; trois plaques de mousses un r\u00e9chaud et  une paire d\u2019assiettes en plastiques\u00a0!!!)<\/p>\n<p>Aller quelques photos et c\u2019est parti, direction Noosa le paradis des  surfers et de la longue board. Ou on passera aussi notre premi\u00e8re  nuit.\u00a0Nous garons le Van face \u00e0 la mer, et nous ferons une rencontre  agr\u00e9able, Rob et son chien Louis.<\/p>\n<p>Un homme qui nous aura parl\u00e9 de la pluie et du beau temps mais  surtout de la croyance en Dieu. Int\u00e9ressante conversation mais surtout  des au revoir avec cette homme des plus sinc\u00e8re comme si nous nous  connaissions depuis des lustres\u2026Un gros c\u00e2lin et une derni\u00e8re forte  poign\u00e9e de main\u00a0! Il nous a bien plu et du coup le voici\u2026<\/p>\n<p>C\u2019\u00e9tait notre premi\u00e8re nuit dans le van, et ce que Bastien avait en  m\u00e9moire c\u2019est qu\u2019il \u00e9tait difficile de dormir n\u2019 importe o\u00f9 sans se  faire r\u00e9veiller\u2026Et donc ce qui devait arriver, arriva.<\/p>\n<p>Au petit matin vers 6h, le ranger nous demande de d\u00e9gager gentiment  sous peine d\u2019une amende\u2026Donc vous l\u2019aurez compris nos prochaines nuits  n\u2019allaient pas forc\u00e9ment \u00eatre de tout repos. Il aura fallu s\u2019armer de  patience avant de trouver des coins tr\u00e8s tr\u00e8s recul\u00e9s\u00a0!<\/p>\n<p>Mais c\u2019est le but du jeu du campervan\u2026 D\u00e9couvrir, rouler et se cacher\u00a0!<\/p>\n<p>En tout cas, \u00e7a aura \u00e9t\u00e9 une semaine vraiment sympa et sans contraintes de temps.<\/p>\n<p>Id\u00e9al quoi\u00a0!<\/p>\n<p>On se voyait se dire\u00a0; Aller, achetons un gros van Volkswagen \u00e0 la  Scooby Doo et partons faire un autre voyage\u2026Vivre loin de toutes  civilisations comme des hippies\u00a0!<\/p>\n<p>Mais bon \u2026 je crois qu\u2019on d\u00e9lire un peu sur ce coup\u00a0! C\u2019est quand  m\u00eame pas g\u00e9nial d\u2019aller faire ses besoins dans les toilettes publiques  quand on est en ville, sans compter les douches de bord de plages (quand  il fait chaud \u00e7a va \u2026mais le reste temps, quand le vent et la pluie  sont de la partie \u2026y\u2019a bien mieux).<\/p>\n<p>Mais rien de plus agr\u00e9able que de se r\u00e9veiller face \u00e0 l\u2019oc\u00e9an, petite tasse de th\u00e9 en main&#8230;<\/p>\n<p>Vous l\u2019aurez donc compris, on aura fini notre petit tour de la c\u00f4te  Est, sans probl\u00e8mes, en bonne sant\u00e9 et avec des tas de souvenirs, une  fois de plus\u00a0!<\/p>\n<p>Le seul point n\u00e9gatif c\u2019est la douloureuse perte du couteau Corse de Bastien\u2026Quelle tristesse\u00a0!<\/p>\n<p>Mais peut \u00eatre que cet \u00e9t\u00e9 des billets seront r\u00e9serv\u00e9s pour venir  voir Papi et Mamie sur l\u2019\u00eele de Beaut\u00e9\u2026 Rien de sur mais A suivre\u00a0!<\/p>\n<p>Avant tout finissons notre tour\u2026 A l\u2019heure o\u00f9 on \u00e9crit cet article  (en retard on le confirme) nous sommes en Nouvelle Cal\u00e9donie. Plus  pr\u00e9cis\u00e9ment \u00e0 l\u2019a\u00e9roport pour regagner l\u2019\u00eele des pins.<\/p>\n<p>Pour l\u2019article de la Nouvelle Cal\u00e9donie, il faudra encore attendre une paire de jour\u2026 Le voyage n\u2019\u00e9tant pas encore achev\u00e9.<\/p>\n<p>Nous tenons aussi \u00e0 rectifier les menaces et injures que nous avons pu lire sur le blog\u2026<\/p>\n<p>Non, nous ne sommes pas des \u00ab\u00a0branlots\u00a0\u00bb ou des vacanciers touch\u00e9s par une fl\u00e9mingite aigue\u00a0!<\/p>\n<p>Juste une connexion au net inexistante ou limit\u00e9e. Les brefs messages  sur facebook permettent avant tout de rassurer le peuple, vous informer  que nous sommes toujours en vie\u00a0et bien bronz\u00e9s !<\/p>\n<p>Profitez et d\u00e9couvrez nos belles aventures\u2026 Les articles naissent  selon le temps et non sous la menace. Alors pour certains lecteurs et  lectrices, qui se reconnaitront, nous demanderons de reformuler leur  demande avec plus de courtoisie\u00a0!<\/p>\n<p>PS\u00a0: Les vacances, \u00e7a prend du temps, le blog aussi\u00a0!!! On a que deux bras, on ne peut pas tout faire en m\u00eame temps l\u00e0\u00a0!<\/p>\n<p style=\"text-align: right;\"><strong><em>On vit aux rythmes des \u00eeles, sous cette chaleur incessante\u2026C\u2019est comme \u00e7a\u00a0!<\/em><\/strong><\/p>\n<p style=\"text-align: right;\"><strong><em> <\/em><\/strong><\/p>\n<p style=\"text-align: right;\"><strong><em>Allez sans rancunes, on vous embrasse et \u00e0 dans quelques jours pour la suite\u00a0!<\/em><\/strong><\/p>\n","protected":false},"excerpt":{"rendered":"<p>Brisbane \u2013 Sydney Voyage en Campervan Oulaaaa Oui on sait on n\u2019est pas trop \u00e0 la page\u2026mais un voyage en van c\u2019est sans \u00e9lectricit\u00e9 (et sans chiotte)\u2026Alors on fait comme on peut\u00a0! Voici notre derni\u00e8re semaine en Australie avant le d\u00e9part sur La Nouvelle Cal\u00e9donie\u2026 Une fois arriv\u00e9s \u00e0 Brisbane, \u00a0voil\u00e0 la trotte qu\u2019on s\u2019est &hellip; <a class=\"read-excerpt\" href=\"http:\/\/amandine.quiriconi.fr\/?page_id=186\">Continuer la lecture <span class=\"meta-nav\">&raquo;<\/span><\/a><\/p>\n","protected":false},"author":1,"featured_media":0,"parent":19,"menu_order":0,"comment_status":"open","ping_status":"open","template":"","meta":{"footnotes":""},"class_list":["post-186","page","type-page","status-publish","hentry"],"_links":{"self":[{"href":"http:\/\/amandine.quiriconi.fr\/index.php?rest_route=\/wp\/v2\/pages\/186"}],"collection":[{"href":"http:\/\/amandine.quiriconi.fr\/index.php?rest_route=\/wp\/v2\/pages"}],"about":[{"href":"http:\/\/amandine.quiriconi.fr\/index.php?rest_route=\/wp\/v2\/types\/page"}],"author":[{"embeddable":true,"href":"http:\/\/amandine.quiriconi.fr\/index.php?rest_route=\/wp\/v2\/users\/1"}],"replies":[{"embeddable":true,"href":"http:\/\/amandine.quiriconi.fr\/index.php?rest_route=%2Fwp%2Fv2%2Fcomments&post=186"}],"version-history":[{"count":3,"href":"http:\/\/amandine.quiriconi.fr\/index.php?rest_route=\/wp\/v2\/pages\/186\/revisions"}],"predecessor-version":[{"id":202,"href":"http:\/\/amandine.quiriconi.fr\/index.php?rest_route=\/wp\/v2\/pages\/186\/revisions\/202"}],"up":[{"embeddable":true,"href":"http:\/\/amandine.quiriconi.fr\/index.php?rest_route=\/wp\/v2\/pages\/19"}],"wp:attachment":[{"href":"http:\/\/amandine.quiriconi.fr\/index.php?rest_route=%2Fwp%2Fv2%2Fmedia&parent=186"}],"curies":[{"name":"wp","href":"https:\/\/api.w.org\/{rel}","templated":true}]}}