{"id":183,"date":"2011-05-26T07:04:47","date_gmt":"2011-05-26T05:04:47","guid":{"rendered":"http:\/\/amandine.quiriconi.fr\/?page_id=183"},"modified":"2011-05-26T07:18:29","modified_gmt":"2011-05-26T05:18:29","slug":"la-tasmanie","status":"publish","type":"page","link":"http:\/\/amandine.quiriconi.fr\/?page_id=183","title":{"rendered":"2\u00b0 La Tasmanie"},"content":{"rendered":"<p><strong><em><a href=\"http:\/\/amandine.quiriconi.fr\/wp-content\/uploads\/2011\/05\/61.jpg\"><img loading=\"lazy\" decoding=\"async\" class=\"aligncenter\" title=\"6\" src=\"http:\/\/amandine.quiriconi.fr\/wp-content\/uploads\/2011\/05\/61-300x152.jpg\" alt=\"\" width=\"300\" height=\"152\" \/><\/a><br \/>\n<\/em><\/strong><\/p>\n<p>Petit choc de temp\u00e9rature arriv\u00e9 \u00e0 Launceston apr\u00e8s avoir voyag\u00e9 une  heure en avion, en compagnie de nos acolytes, Azzam et Roman (nos  collocs).<\/p>\n<p>Comme pr\u00e9vue Sivionne nous attendait \u00e0 l\u2019a\u00e9roport, et une fois  qu\u2019elle eu aper\u00e7u Bastien\u2026elle nous a fait un joli saut de biche et nous  a tous pris dans ses bras\u00a0!<\/p>\n<p>Et c\u2019est parti, nous voici en route, \u00e0 bord du bolide de Sivionne, Superbe Saab 900 datant approximativement des ann\u00e9es 1980\u00a0!<\/p>\n<p>Tour de la ville rapidos, et nous voil\u00e0 parti pour une marche dans le parc Cataract Gorge (dr\u00f4le de nom)\u00a0!<\/p>\n<p>On profite il fait un temps magnifique\u2026Et c\u2019est \u00e0 partir de ce jour  qu\u2019on a pris de belles couleurs, comme quand on est \u00e0 la montagne. Le  nez et les joues bien rouges\u00a0!<\/p>\n<p>&nbsp;<\/p>\n<p>Apr\u00e8s une courte nuit dans un backpacker, Bastien et Roman partiront louer un 4&#215;4 Renault kol\u00e9os\u00a0!<\/p>\n<p>Programme partir de Launceston pour gagner la c\u00f4te est o\u00f9 les plages  sont r\u00e9put\u00e9es pour \u00eatre idylliques\u2026sable blanc et compagnie\u00a0!<\/p>\n<p>&nbsp;<\/p>\n<p>&#8211; <strong><em>Les chutes de Lylidale<\/em><\/strong> au bout d\u2019une  demi-heure de trajet\u2026On est encore loin des plages. Sur la route, on a  suivi les panneaux d\u2019une \u00ab\u00a0lavande farm\u00a0\u00bb et \u00ab\u00a0goat cheese farm\u00a0\u00bb juste  pour agr\u00e9menter nos sandwichs (d\u00e9licieux fromage de ch\u00e8vre et miel de  lavande). Sans oublier le dessert des m\u00fbres ramass\u00e9es en bordure de  route.<\/p>\n<p>&nbsp;<\/p>\n<p>Pendant que d\u2019autre bossent\u00a0!!!<\/p>\n<p>Apr\u00e8s tout il faut bien qu\u2019on le continue ce tour du monde culinaire\u00a0!<\/p>\n<p>&#8211; <strong><em>Bay of Fires<\/em><\/strong> premi\u00e8res photos avec la mer de Tasmanie\u2026et on n\u2019a pas \u00e9t\u00e9 d\u00e9\u00e7u.<\/p>\n<p>Un m\u00e9lange de couleur rouille feu, turquoise et blanc\u00a0; Un r\u00e9sultat assez classe\u00a0!<\/p>\n<p>Ce sable l\u00e0, couine quand on marche, c\u2019est marrant\u00a0!<\/p>\n<p>Arr\u00eat \u00e0 <strong><em>Bicheno<\/em><\/strong> o\u00f9 on passera la nuit en  backpack. Cette maison toute en bois, perdue dans les hauteurs d\u2019un  petit village. Que des jeunes routards venus des 4coins de la plan\u00e8te,  r\u00e9unis ici\u00a0! Au petit matin on a vu les surfers de <strong><em>Friendly Beach<\/em><\/strong>. L\u2019air et l\u2019eau \u00e9taient pourtant bien frais\u2026Ils sont fous ces Tasmaniens\u00a0!<\/p>\n<p>&nbsp;<\/p>\n<p>&#8211; Direction <strong><em>Coles Bay<\/em><\/strong>. On prendra un petit  d\u00e9j caf\u00e9+banana bread au soleil pour parfaire notre bronzage\u2026Balade sur  le port avant d\u2019entamer notre marche vers <strong><em>Wine Glass Bay<\/em><\/strong> qui fait partie du parc national de Freycinet. Et il faut dire qu\u2019elle \u00e9tait coriace cette marche\u00a0!!!<\/p>\n<p>Et pour nous r\u00e9compenser de tous ces efforts Mandoux a rep\u00e9r\u00e9 un  Wallaby (petit kangourou trop mignon et peu sauvage) Aller c\u2019est parti  pour la s\u00e9ance photo.<\/p>\n<p>Quelques heures nous s\u00e9parent de <strong><em>Hobart<\/em><\/strong>. La  capitale de la Tasmanie, avec ses soir\u00e9es nocturnes auxquelles on aura  particip\u00e9s. Bi\u00e8re d\u2019un litre au Telegraph Hotel puis terminer notre nuit  dans un club \u00ab\u00a0O bar\u00a0\u00bb\u00a0sur le port.<\/p>\n<p>En ce qui concerne le lendemain matin \u00e7a aura \u00e9t\u00e9 un d\u00e9sastre pour nos collocs.<\/p>\n<p>Avant de d\u00e9guerpir, tour dans la ville o\u00f9 on se payera un bon petit  d\u00e9jeuner et une bonne sieste sur une piste d\u2019atterrissage de  parachutes\u00a0! Pas d\u00e8s plus tranquille comme endroit.<\/p>\n<p>On nous avait donn\u00e9 auparavant un conseil, celui d\u2019aller voir un mus\u00e9e assez sp\u00e9cial.<\/p>\n<p><strong><em>The Mona Museum<\/em><\/strong>.<\/p>\n<p>Le mus\u00e9e d\u2019un homme qui a gagn\u00e9 un paquet de fric aux jeux et qui a  d\u00e9cid\u00e9 de montrer gratuitement au public toutes les choses qu\u2019il  poss\u00e8de.<\/p>\n<p>Very Strange Museum but interesting and curious!<\/p>\n<p>&nbsp;<\/p>\n<p><strong><em>Craddle Mountain<\/em><\/strong> sera le dernier stop avant  de retourner \u00e0 Launceston. On aura juste d\u00e9pens\u00e9 16$50\/pers pour avoir  acc\u00e8s et le droit de faire une balade dans ces montagnes mais on a fini  par se dire que ce n\u2019\u00e9tait pas si mal\u00a0!<\/p>\n<p>Il \u00e9tait bon ce PicNiC en Haut de la Montagne\u00a0\u2026<\/p>\n<p>Voil\u00e0 nos 5 jours en Tasmanie touchent \u00e0 leur fin<\/p>\n<p style=\"text-align: right;\"><strong><em>On a bien bronz\u00e9 et pris l\u2019air frais de Tassie, un grand merci \u00e0  notre \u00ab\u00a0Gorgeous Sivionne\u00a0\u00bb et sa bonne \u00e9nergie, ainsi qu\u2019\u00e0 nos ex  collocs, Roman (seat belt please) et Azzam (come On)\u00a0! Ready to flight  to Brisbane\u00a0!!<\/em><\/strong><\/p>\n","protected":false},"excerpt":{"rendered":"<p>Petit choc de temp\u00e9rature arriv\u00e9 \u00e0 Launceston apr\u00e8s avoir voyag\u00e9 une heure en avion, en compagnie de nos acolytes, Azzam et Roman (nos collocs). Comme pr\u00e9vue Sivionne nous attendait \u00e0 l\u2019a\u00e9roport, et une fois qu\u2019elle eu aper\u00e7u Bastien\u2026elle nous a fait un joli saut de biche et nous a tous pris dans ses bras\u00a0! Et &hellip; <a class=\"read-excerpt\" href=\"http:\/\/amandine.quiriconi.fr\/?page_id=183\">Continuer la lecture <span class=\"meta-nav\">&raquo;<\/span><\/a><\/p>\n","protected":false},"author":1,"featured_media":0,"parent":19,"menu_order":0,"comment_status":"open","ping_status":"open","template":"","meta":{"footnotes":""},"class_list":["post-183","page","type-page","status-publish","hentry"],"_links":{"self":[{"href":"http:\/\/amandine.quiriconi.fr\/index.php?rest_route=\/wp\/v2\/pages\/183"}],"collection":[{"href":"http:\/\/amandine.quiriconi.fr\/index.php?rest_route=\/wp\/v2\/pages"}],"about":[{"href":"http:\/\/amandine.quiriconi.fr\/index.php?rest_route=\/wp\/v2\/types\/page"}],"author":[{"embeddable":true,"href":"http:\/\/amandine.quiriconi.fr\/index.php?rest_route=\/wp\/v2\/users\/1"}],"replies":[{"embeddable":true,"href":"http:\/\/amandine.quiriconi.fr\/index.php?rest_route=%2Fwp%2Fv2%2Fcomments&post=183"}],"version-history":[{"count":2,"href":"http:\/\/amandine.quiriconi.fr\/index.php?rest_route=\/wp\/v2\/pages\/183\/revisions"}],"predecessor-version":[{"id":201,"href":"http:\/\/amandine.quiriconi.fr\/index.php?rest_route=\/wp\/v2\/pages\/183\/revisions\/201"}],"up":[{"embeddable":true,"href":"http:\/\/amandine.quiriconi.fr\/index.php?rest_route=\/wp\/v2\/pages\/19"}],"wp:attachment":[{"href":"http:\/\/amandine.quiriconi.fr\/index.php?rest_route=%2Fwp%2Fv2%2Fmedia&parent=183"}],"curies":[{"name":"wp","href":"https:\/\/api.w.org\/{rel}","templated":true}]}}