{"id":16,"date":"2011-05-20T17:20:21","date_gmt":"2011-05-20T15:20:21","guid":{"rendered":"http:\/\/amandine.quiriconi.fr\/?page_id=16"},"modified":"2011-05-26T02:46:35","modified_gmt":"2011-05-26T00:46:35","slug":"asie-thailande-cambodge-vietnam","status":"publish","type":"page","link":"http:\/\/amandine.quiriconi.fr\/?page_id=16","title":{"rendered":"2.Asie"},"content":{"rendered":"<p>&nbsp;<\/p>\n<p class=\"MsoNormal\" style=\"text-align: left;\"><em> <\/em><\/p>\n<div id=\"_mcePaste\" class=\"mcePaste\" style=\"position: absolute; left: -10000px; top: 1591px; width: 1px; height: 1px; overflow: hidden;\"><!--[if gte mso 9]><xml> <w:WordDocument> <w:View>Normal<\/w:View> <w:Zoom>0<\/w:Zoom> <w:HyphenationZone>21<\/w:HyphenationZone> <w:PunctuationKerning \/> <w:ValidateAgainstSchemas \/> <w:SaveIfXMLInvalid>false<\/w:SaveIfXMLInvalid> <w:IgnoreMixedContent>false<\/w:IgnoreMixedContent> <w:AlwaysShowPlaceholderText>false<\/w:AlwaysShowPlaceholderText> <w:Compatibility> <w:BreakWrappedTables \/> <w:SnapToGridInCell \/> <w:WrapTextWithPunct \/> <w:UseAsianBreakRules \/> <w:DontGrowAutofit \/> <\/w:Compatibility> <w:BrowserLevel>MicrosoftInternetExplorer4<\/w:BrowserLevel> <\/w:WordDocument> <\/xml><![endif]--><!--[if gte mso 9]><xml> <w:LatentStyles DefLockedState=\"false\" LatentStyleCount=\"156\"> <\/w:LatentStyles> <\/xml><![endif]--><!--[if !mso]><object  classid=\"clsid:38481807-CA0E-42D2-BF39-B33AF135CC4D\" id=ieooui><\/object> <mce:style><!  st1\\:*{behavior:url(#ieooui) } --> <!--[endif]--><!--[if gte mso 10]> <mce:style><!   \/* Style Definitions *\/  table.MsoNormalTable \t{mso-style-name:\"Tableau Normal\"; \tmso-tstyle-rowband-size:0; \tmso-tstyle-colband-size:0; \tmso-style-noshow:yes; \tmso-style-parent:\"\"; \tmso-padding-alt:0cm 5.4pt 0cm 5.4pt; \tmso-para-margin:0cm; \tmso-para-margin-bottom:.0001pt; \tmso-pagination:widow-orphan; \tfont-size:10.0pt; \tfont-family:\"Times New Roman\"; \tmso-ansi-language:#0400; \tmso-fareast-language:#0400; \tmso-bidi-language:#0400;} --> <!--[endif]-->&nbsp;<\/p>\n<p class=\"MsoNormal\">Suite Ko Phi Phi<\/p>\n<p class=\"MsoNormal\">&nbsp;<\/p>\n<p class=\"MsoNormal\">Suite \u00e0 notre petite absence, nous vous \u00e9crivons nos r\u00e9centes nouvelles.<\/p>\n<p class=\"MsoNormal\">Pour nos derni\u00e8res soir\u00e9es sur Ko phi phi, nous fr\u00e9quentons un bar qui s\u2019appelle le Reggae Bar Boxing.<\/p>\n<p class=\"MsoNormal\">Comme son nom l\u2019indique il s\u2019agit d\u2019un bar ou il est possible de se battre avec d\u2019autres clients sur un ring, comme dans un club de boxe ou je me rappelle m\u2019\u00eatre entrain\u00e9e (Mandoux).<\/p>\n<p class=\"MsoNormal\">&nbsp;<\/p>\n<p class=\"MsoNormal\">Donc un vrai ring ou l\u2019on se bat \u00e0 la m\u00e9thode Tha\u00ef, mais gentiment quand m\u00eame, c\u2019est juste pour gagner un coup \u00e0 boire et faire l\u2019animation. Il y a quand m\u00eame entre eux de vrais boxeurs\u00a0!<\/p>\n<p class=\"MsoNormal\">&nbsp;<\/p>\n<p class=\"MsoNormal\">C\u2019\u00e9tait sympa.<\/p>\n<p class=\"MsoNormal\">&nbsp;<\/p>\n<p class=\"MsoNormal\">Apr\u00e8s \u00e7a, on a discut\u00e9 avec un fran\u00e7ais qui travaillait dans un autre bar l\u00e9g\u00e8rement plus loin, qui nous a expliqu\u00e9 que la soit disant TAT (Tourist Autority of Tha\u00efland) qui nous a gracieusement aid\u00e9 pour notre tour du pays, n\u2019\u00e9tait pas si bon march\u00e9 que \u00e7a.<\/p>\n<p class=\"MsoNormal\">En gros on s\u2019est fait arnaqu\u00e9\u00a0!<\/p>\n<p class=\"MsoNormal\">Exactement comme il \u00e9tait expliqu\u00e9 dans le guide du routard \u2026 Qu\u2019on a pourtant lu pr\u00e8s de 5 fois\u00a0!<\/p>\n<p class=\"MsoNormal\">&nbsp;<\/p>\n<p class=\"MsoNormal\">L\u2019histoire c\u2019est que le premier soir ou nous sommes arriv\u00e9s \u00e0 Bangkok, apr\u00e8s les 11heures de vol et le manque \u00e9vident de sommeil, on s\u2019est fait accoster par une personne aux allures sympathiques pendant qu\u2019on se baladait tranquillement.<\/p>\n<p class=\"MsoNormal\">Cette derni\u00e8re \u00e9tait en r\u00e9alit\u00e9 un rabatteur, nous poussant \u00e0 se diriger vers une \u00ab TAT\u00a0\u00bb.<\/p>\n<p class=\"MsoNormal\">Gagnant notre confiance avec des histoires et quelques expressions fran\u00e7aises\u2026<\/p>\n<p class=\"MsoNormal\">Ce que l\u2019on fait, b\u00eate et disciplin\u00e9, m\u00eame avec tous les doutes du monde et l\u2019envie de retourner dans notre chambre.<\/p>\n<p class=\"MsoNormal\">Nous montons \u00e0 bord de ce tuk tuk endiabl\u00e9 qui arrive comme par magie et nous guide finalement devant cette enseigne inconnue. TAT<\/p>\n<p class=\"MsoNormal\">Apr\u00e8s de longues pr\u00e9sentations, avec Jack, notre interlocuteur\u00a0;<\/p>\n<p class=\"MsoNormal\">-D\u2019o\u00f9 venait-vous\u00a0? Et bla bla bla bla nous en arrivons \u00e0 une offre int\u00e9ressante (semblait elle \u00eatre).<\/p>\n<p class=\"MsoNormal\">Un trip pour voyager en Tha\u00eflande et ses \u00eeles avec nos h\u00f4tels et bungalows lou\u00e9s \u00e0 l\u2019avance et tous les transports compris, le tout gr\u00e2ce \u00e0 une promotion sp\u00e9ciale du soir\u00a0!<\/p>\n<p class=\"MsoNormal\">Du coup on se d\u00e9cide l\u00e0, maintenant = Ok c\u2019est bon pour nous.<\/p>\n<p class=\"MsoNormal\">Attention ils sont tr\u00e8s forts et bien rod\u00e9s et nous compl\u00e8tement \u00e0 l\u2019ouest\u00a0!!!<\/p>\n<p class=\"MsoNormal\">&nbsp;<\/p>\n<p class=\"MsoNormal\">Mais le fran\u00e7ais du bar nous explique que l\u2019on aurait jamais du pay\u00e9,<span> <\/span>quasi 40000 baht (presque 750 \u20ac) pour le voyage complet jusqu\u2019au d\u00e9but du mois de novembre.<\/p>\n<p class=\"MsoNormal\">Mais 300 \u20ac de moins.<\/p>\n<p class=\"MsoNormal\">&nbsp;<\/p>\n<p class=\"MsoNormal\">Bref une bonne le\u00e7on \u00e0 tirer de cette exp\u00e9rience\u00a0!<\/p>\n<p class=\"MsoNormal\">Du coup notre mois en Tha\u00eflande sera un peu plus couteux que ce que l\u2019on avait pr\u00e9vu au d\u00e9part.<\/p>\n<p class=\"MsoNormal\">&nbsp;<\/p>\n<p class=\"MsoNormal\">Bon apr\u00e8s comme vous avez pu le voir, on n\u2019est pas non plus au bagne\u00a0!<\/p>\n<p class=\"MsoNormal\">&nbsp;<\/p>\n<p class=\"MsoNormal\">&nbsp;<\/p>\n<p class=\"MsoNormal\">&nbsp;<\/p>\n<p class=\"MsoNormal\">&nbsp;<\/p>\n<p class=\"MsoNormal\">&nbsp;<\/p>\n<p class=\"MsoNormal\"><span> <\/span><\/p>\n<p class=\"MsoNormal\">Pour notre derni\u00e8re nuit sur Ko phi phi avant le d\u00e9part pour Ko lanta, on change de chambre et on se loue un bungalow face \u00e0 la mer. Trop la classe d\u2019ailleurs pour 25 \u20ac avec le d\u00e9jeuner SVP compar\u00e9 \u00e0 tous les autres ou tu peux crever pour avoir ne serait qu\u2019une sorte de tasse de caf\u00e9\u00a0!!!<\/p>\n<p class=\"MsoNormal\">&nbsp;<\/p>\n<p class=\"MsoNormal\">En plus la plage d\u2019en face est magnifique, au pied d\u2019une barri\u00e8re rocheuse bien impressionnante.<\/p>\n<p class=\"MsoNormal\">Puis c\u2019est la grande frayeur tandis que nous \u00e9tions en train d\u2019envoyer des cartes postales \u00e0 nos papis et mamies, Bastien s\u2019esclaffe d\u2019un ton que je n\u2019aime pas entendre.<\/p>\n<p class=\"MsoNormal\"><span> <\/span><\/p>\n<p class=\"MsoNormal\">Il avait raison de me faire aussi peur, au moment ou je comprends et lorsque je suis son regard, il se trouve une mygale pos\u00e9e au dessus de nos t\u00eates\u00a0!<\/p>\n<p class=\"MsoNormal\">Bien sur je la regarde pas trop longtemps et je me tire \u00e0 grande vitesse, chercher la Mama qui nous loue les bungalows, en lui disant\u00a0;<\/p>\n<p class=\"MsoNormal\"><span lang=\"EN-GB\">\u00ab\u00a0Come on with me, please, Very big spider\u00a0\u00bb<\/span><\/p>\n<p class=\"MsoNormal\"><span lang=\"EN-GB\"> <\/span><\/p>\n<p class=\"MsoNormal\">Tranquille elle me suit accompagn\u00e9e d\u2019un ballet\u00a0pour la chasser, ce qu\u2019elle fait tr\u00e8s bien d\u2019ailleurs.<\/p>\n<p class=\"MsoNormal\">Et nous dit<\/p>\n<p class=\"MsoNormal\">\u00ab\u00a0 No poison\u00a0\u00bb<\/p>\n<p class=\"MsoNormal\">Ouais g\u00e9niale \u00e7a nous rassure\u00a0! Eh bien merci en tout cas. Bastien a tout filmer aussi mais \u00e7a, \u00e7a attendra notre retour\u00a0!<\/p>\n<p class=\"MsoNormal\">On vous a mis une s\u00e9rie de b\u00eates que nous avons pu croiser jusque l\u00e0.<\/p>\n<p class=\"MsoNormal\">Les singes aussi, nous ont pris d\u2019assaut le toit du bungalow et la terrasse pour nous chiper tout ce qui tra\u00eener, pour \u00e9viter \u00e7a ou les faire fuir sans qu\u2019ils s\u2019accrochent \u00e0 toi, les types des bungalows leurs tirent des cailloux avec des lances pierres, fait maisons, mais tr\u00e8s efficaces\u00a0!<\/p>\n<\/div>\n","protected":false},"excerpt":{"rendered":"<p>&nbsp; &nbsp; Suite Ko Phi Phi &nbsp; Suite \u00e0 notre petite absence, nous vous \u00e9crivons nos r\u00e9centes nouvelles. Pour nos derni\u00e8res soir\u00e9es sur Ko phi phi, nous fr\u00e9quentons un bar qui s\u2019appelle le Reggae Bar Boxing. Comme son nom l\u2019indique il s\u2019agit d\u2019un bar ou il est possible de se battre avec d\u2019autres clients sur &hellip; <a class=\"read-excerpt\" href=\"http:\/\/amandine.quiriconi.fr\/?page_id=16\">Continuer la lecture <span class=\"meta-nav\">&raquo;<\/span><\/a><\/p>\n","protected":false},"author":1,"featured_media":0,"parent":0,"menu_order":0,"comment_status":"open","ping_status":"closed","template":"","meta":{"footnotes":""},"class_list":["post-16","page","type-page","status-publish","hentry"],"_links":{"self":[{"href":"http:\/\/amandine.quiriconi.fr\/index.php?rest_route=\/wp\/v2\/pages\/16"}],"collection":[{"href":"http:\/\/amandine.quiriconi.fr\/index.php?rest_route=\/wp\/v2\/pages"}],"about":[{"href":"http:\/\/amandine.quiriconi.fr\/index.php?rest_route=\/wp\/v2\/types\/page"}],"author":[{"embeddable":true,"href":"http:\/\/amandine.quiriconi.fr\/index.php?rest_route=\/wp\/v2\/users\/1"}],"replies":[{"embeddable":true,"href":"http:\/\/amandine.quiriconi.fr\/index.php?rest_route=%2Fwp%2Fv2%2Fcomments&post=16"}],"version-history":[{"count":12,"href":"http:\/\/amandine.quiriconi.fr\/index.php?rest_route=\/wp\/v2\/pages\/16\/revisions"}],"predecessor-version":[{"id":50,"href":"http:\/\/amandine.quiriconi.fr\/index.php?rest_route=\/wp\/v2\/pages\/16\/revisions\/50"}],"wp:attachment":[{"href":"http:\/\/amandine.quiriconi.fr\/index.php?rest_route=%2Fwp%2Fv2%2Fmedia&parent=16"}],"curies":[{"name":"wp","href":"https:\/\/api.w.org\/{rel}","templated":true}]}}